{"id":320022,"date":"2025-06-21T15:36:57","date_gmt":"2025-06-21T15:36:57","guid":{"rendered":"http:\/\/johnsoncanning.com.ar\/?page_id=320022"},"modified":"2025-06-21T16:28:30","modified_gmt":"2025-06-21T16:28:30","slug":"placards-y-vestidores","status":"publish","type":"page","link":"https:\/\/johnsoncanning.com.ar\/?page_id=320022","title":{"rendered":"Placards y Vestidores"},"content":{"rendered":"<p>[et_pb_section fb_built=&#8221;1&#8243; _builder_version=&#8221;4.27.4&#8243; _module_preset=&#8221;default&#8221; use_background_color_gradient=&#8221;on&#8221; background_color_gradient_stops=&#8221;rgba(0,0,0,0.22) 0%|rgba(0,0,0,0.63) 100%&#8221; background_color_gradient_overlays_image=&#8221;on&#8221; background_image=&#8221;http:\/\/johnsoncanning.com.ar\/wp-content\/uploads\/2025\/06\/portada-placards.jpg&#8221; z_index=&#8221;1&#8243; custom_margin=&#8221;-100px||||false|false&#8221; custom_padding=&#8221;200px||100px||false|false&#8221; hover_enabled=&#8221;0&#8243; locked=&#8221;off&#8221; global_colors_info=&#8221;{}&#8221; title_text=&#8221;portada-placards&#8221; sticky_enabled=&#8221;0&#8243;][et_pb_row _builder_version=&#8221;4.27.4&#8243; _module_preset=&#8221;default&#8221; global_colors_info=&#8221;{}&#8221;][et_pb_column type=&#8221;4_4&#8243; _builder_version=&#8221;4.27.4&#8243; _module_preset=&#8221;default&#8221; global_colors_info=&#8221;{}&#8221;][et_pb_divider show_divider=&#8221;off&#8221; _builder_version=&#8221;4.27.4&#8243; _module_preset=&#8221;default&#8221; height=&#8221;152px&#8221; locked=&#8221;off&#8221; global_colors_info=&#8221;{}&#8221;][\/et_pb_divider][\/et_pb_column][\/et_pb_row][\/et_pb_section][et_pb_section fb_built=&#8221;1&#8243; custom_padding_last_edited=&#8221;on|tablet&#8221; _builder_version=&#8221;4.27.4&#8243; _module_preset=&#8221;default&#8221; background_color=&#8221;#FFFFFF&#8221; custom_margin=&#8221;0px||0px||false|false&#8221; custom_padding=&#8221;120px|70px|120px|70px|true|false&#8221; custom_padding_tablet=&#8221;0px|40px|120px|40px|false|false&#8221; custom_padding_phone=&#8221;50px|20px|90px|20px|false|false&#8221; locked=&#8221;off&#8221; global_colors_info=&#8221;{}&#8221;][et_pb_row column_structure=&#8221;2_3,1_3&#8243; use_custom_gutter=&#8221;on&#8221; gutter_width=&#8221;1&#8243; _builder_version=&#8221;4.27.4&#8243; _module_preset=&#8221;default&#8221; width=&#8221;100%&#8221; max_width=&#8221;1290px&#8221; custom_margin=&#8221;0px||60px||false|false&#8221; custom_padding=&#8221;0px||0px||false|false&#8221; global_colors_info=&#8221;{}&#8221;][et_pb_column type=&#8221;2_3&#8243; _builder_version=&#8221;4.26.1&#8243; _module_preset=&#8221;default&#8221; global_colors_info=&#8221;{}&#8221;][et_pb_text _builder_version=&#8221;4.27.4&#8243; _module_preset=&#8221;default&#8221; header_font=&#8221;Jost|500|||||||&#8221; header_text_align=&#8221;left&#8221; header_text_color=&#8221;#282828&#8243; header_font_size=&#8221;62px&#8221; header_line_height=&#8221;0.9em&#8221; header_2_font=&#8221;Jost|500|||||||&#8221; header_2_text_align=&#8221;left&#8221; header_2_text_color=&#8221;#282828&#8243; header_2_font_size=&#8221;62px&#8221; header_2_line_height=&#8221;0.9em&#8221; custom_margin=&#8221;0px||12px||false|false&#8221; custom_padding=&#8221;0px||0px||false|false&#8221; hover_enabled=&#8221;0&#8243; header_font_size_tablet=&#8221;52px&#8221; header_font_size_phone=&#8221;30px&#8221; header_font_size_last_edited=&#8221;on|phone&#8221; header_line_height_tablet=&#8221;0.9em&#8221; header_line_height_phone=&#8221;1.1em&#8221; header_line_height_last_edited=&#8221;on|phone&#8221; header_2_font_size_tablet=&#8221;52px&#8221; header_2_font_size_phone=&#8221;30px&#8221; header_2_font_size_last_edited=&#8221;on|phone&#8221; header_2_line_height_tablet=&#8221;0.9em&#8221; header_2_line_height_phone=&#8221;1.1em&#8221; header_2_line_height_last_edited=&#8221;on|phone&#8221; global_colors_info=&#8221;{}&#8221; sticky_enabled=&#8221;0&#8243;]<\/p>\n<h1>Placards y Vestidores<\/h1>\n<p>[\/et_pb_text][et_pb_text _builder_version=&#8221;4.27.4&#8243; _module_preset=&#8221;default&#8221; header_4_font=&#8221;Jost|||on|||||&#8221; header_4_text_align=&#8221;left&#8221; header_4_text_color=&#8221;#7A7C81&#8243; header_4_font_size=&#8221;13px&#8221; header_4_letter_spacing=&#8221;1.6px&#8221; header_4_line_height=&#8221;1.2em&#8221; custom_margin=&#8221;0px||12px||false|false&#8221; custom_padding=&#8221;0px||0px||false|false&#8221; locked=&#8221;off&#8221; global_colors_info=&#8221;{}&#8221;]<\/p>\n<h4>DISE\u00d1O QUE TRANSFORMA TU ESPACIO.<\/h4>\n<p>[\/et_pb_text][et_pb_text _builder_version=&#8221;4.27.4&#8243; _module_preset=&#8221;default&#8221; locked=&#8221;off&#8221; global_colors_info=&#8221;{}&#8221;]Las l\u00edneas de placards y vestidores Johnson responden a la necesidad de organizar con estilo. Cada modelo est\u00e1 pensado para optimizar el espacio y, al mismo tiempo, crear ambientes \u00fanicos, donde el dise\u00f1o y la funcionalidad conviven con una est\u00e9tica sofisticada.[\/et_pb_text][\/et_pb_column][et_pb_column type=&#8221;1_3&#8243; _builder_version=&#8221;4.26.1&#8243; _module_preset=&#8221;default&#8221; custom_padding=&#8221;|||7px|false|false&#8221; custom_padding_tablet=&#8221;|||0px|false|false&#8221; custom_padding_phone=&#8221;|||0px|false|false&#8221; custom_padding_last_edited=&#8221;on|tablet&#8221; global_colors_info=&#8221;{}&#8221;][et_pb_button button_url=&#8221;https:\/\/api.whatsapp.com\/message\/ECDDKR64FR3SG1&#8243; url_new_window=&#8221;on&#8221; button_text=&#8221;Contactanos&#8221; button_alignment=&#8221;left&#8221; module_class=&#8221;but-wp&#8221; _builder_version=&#8221;4.27.4&#8243; _module_preset=&#8221;default&#8221; custom_button=&#8221;on&#8221; button_text_size=&#8221;18px&#8221; button_text_color=&#8221;#f2eee4&#8243; button_bg_color=&#8221;#6b705c&#8221; button_border_radius=&#8221;8px&#8221; button_font=&#8221;Jost||||||||&#8221; button_use_icon=&#8221;off&#8221; positioning=&#8221;absolute&#8221; position_origin_a=&#8221;top_right&#8221; vertical_offset=&#8221;52px&#8221; vertical_offset_tablet=&#8221;-16px&#8221; vertical_offset_phone=&#8221;25px&#8221; vertical_offset_last_edited=&#8221;on|phone&#8221; horizontal_offset_tablet=&#8221;&#8221; horizontal_offset_phone=&#8221;&#8221; horizontal_offset_last_edited=&#8221;on|phone&#8221; position_origin_a_tablet=&#8221;top_right&#8221; position_origin_a_phone=&#8221;top_right&#8221; position_origin_a_last_edited=&#8221;on|phone&#8221; position_origin_f_tablet=&#8221;&#8221; position_origin_f_phone=&#8221;&#8221; position_origin_f_last_edited=&#8221;on|desktop&#8221; position_origin_r_tablet=&#8221;&#8221; position_origin_r_phone=&#8221;&#8221; position_origin_r_last_edited=&#8221;on|desktop&#8221; custom_margin=&#8221;0px||0px||false|false&#8221; custom_margin_tablet=&#8221;0px||90px||false|false&#8221; custom_margin_phone=&#8221;0px||2px||false|false&#8221; custom_margin_last_edited=&#8221;on|tablet&#8221; custom_padding=&#8221;15px|44px|15px|44px|false|false&#8221; positioning_tablet=&#8221;absolute&#8221; positioning_phone=&#8221;relative&#8221; positioning_last_edited=&#8221;on|desktop&#8221; locked=&#8221;off&#8221; global_colors_info=&#8221;{}&#8221; button_bg_color__hover_enabled=&#8221;on|hover&#8221; button_bg_color__hover=&#8221;#a5a58d&#8221; button_bg_enable_color__hover=&#8221;on&#8221; button_letter_spacing__hover_enabled=&#8221;on|hover&#8221; button_letter_spacing__hover=&#8221;0px&#8221;][\/et_pb_button][\/et_pb_column][\/et_pb_row][et_pb_row column_structure=&#8221;1_2,1_2&#8243; use_custom_gutter=&#8221;on&#8221; gutter_width=&#8221;1&#8243; _builder_version=&#8221;4.27.4&#8243; _module_preset=&#8221;default&#8221; width=&#8221;100%&#8221; max_width=&#8221;1290px&#8221; custom_margin=&#8221;0px||60px||false|false&#8221; custom_padding=&#8221;0px||0px||false|false&#8221; global_colors_info=&#8221;{}&#8221;][et_pb_column type=&#8221;1_2&#8243; _builder_version=&#8221;4.27.4&#8243; _module_preset=&#8221;default&#8221; custom_padding=&#8221;|15px||15px|false|false&#8221; custom_padding_tablet=&#8221;|0px||8px|false|false&#8221; custom_padding_phone=&#8221;|0px||0px|false|false&#8221; custom_padding_last_edited=&#8221;on|tablet&#8221; animation_style=&#8221;slide&#8221; animation_direction=&#8221;bottom&#8221; animation_delay=&#8221;100ms&#8221; animation_intensity_slide=&#8221;3%&#8221; animation_speed_curve=&#8221;ease&#8221; global_colors_info=&#8221;{}&#8221;][dipl_interactive_image_card title=&#8221;Serie Elite&#8221; image=&#8221;http:\/\/johnsoncanning.com.ar\/wp-content\/uploads\/2025\/06\/portada-elite.jpg&#8221; select_layout=&#8221;effect-oscar&#8221; image_opacity=&#8221;1&#8243; border_color=&#8221;#a5a58d&#8221; overlay_color=&#8221;rgba(0,0,0,0.35)&#8221; module_class=&#8221;categoria&#8221; _builder_version=&#8221;4.27.4&#8243; _dynamic_attributes=&#8221;link_option_url&#8221; _module_preset=&#8221;default&#8221; title_font=&#8221;Jost|500|||||||&#8221; title_text_color=&#8221;#F4F4F4&#8243; title_font_size=&#8221;30px&#8221; content_font=&#8221;Manrope||||||||&#8221; content_text_color=&#8221;#F4F4F4&#8243; content_font_size=&#8221;16px&#8221; transform_scale=&#8221;90%|90%&#8221; width=&#8221;100%&#8221; max_width=&#8221;100%&#8221; module_alignment=&#8221;center&#8221; custom_margin=&#8221;0px|0px|0px|0px|true|true&#8221; custom_padding=&#8221;0px|0px|0px|0px|true|true&#8221; link_option_url=&#8221;@ET-DC@eyJkeW5hbWljIjp0cnVlLCJjb250ZW50IjoicG9zdF9saW5rX3VybF9wYWdlIiwic2V0dGluZ3MiOnsicG9zdF9pZCI6IjMyMDA0NSJ9fQ==@&#8221; hover_enabled=&#8221;0&#8243; locked=&#8221;off&#8221; global_colors_info=&#8221;{}&#8221; transform_styles__hover_enabled=&#8221;on|desktop&#8221; transform_scale__hover=&#8221;90%|90%&#8221; transform_scale__hover_enabled=&#8221;on|desktop&#8221; transform_translate__hover_enabled=&#8221;on|desktop&#8221; transform_rotate__hover_enabled=&#8221;on|desktop&#8221; transform_skew__hover_enabled=&#8221;on|desktop&#8221; transform_origin__hover_enabled=&#8221;on|desktop&#8221; sticky_enabled=&#8221;0&#8243;][\/dipl_interactive_image_card][\/et_pb_column][et_pb_column type=&#8221;1_2&#8243; _builder_version=&#8221;4.27.4&#8243; _module_preset=&#8221;default&#8221; custom_padding=&#8221;|15px||15px|false|false&#8221; custom_padding_tablet=&#8221;|8px||0px|false|false&#8221; custom_padding_phone=&#8221;|0px||0px|false|false&#8221; custom_padding_last_edited=&#8221;on|tablet&#8221; animation_style=&#8221;slide&#8221; animation_direction=&#8221;bottom&#8221; animation_delay=&#8221;200ms&#8221; animation_intensity_slide=&#8221;3%&#8221; animation_speed_curve=&#8221;ease&#8221; global_colors_info=&#8221;{}&#8221;][dipl_interactive_image_card title=&#8221;Serie Classic&#8221; image=&#8221;http:\/\/johnsoncanning.com.ar\/wp-content\/uploads\/2025\/06\/portada-classic.jpg&#8221; select_layout=&#8221;effect-oscar&#8221; image_opacity=&#8221;1&#8243; border_color=&#8221;#a5a58d&#8221; overlay_color=&#8221;rgba(0,0,0,0.35)&#8221; module_class=&#8221;categoria&#8221; _builder_version=&#8221;4.27.4&#8243; _dynamic_attributes=&#8221;link_option_url&#8221; _module_preset=&#8221;default&#8221; title_font=&#8221;Jost|500|||||||&#8221; title_text_color=&#8221;#F4F4F4&#8243; title_font_size=&#8221;30px&#8221; content_font=&#8221;Manrope||||||||&#8221; content_text_color=&#8221;#F4F4F4&#8243; content_font_size=&#8221;16px&#8221; transform_scale=&#8221;90%|90%&#8221; width=&#8221;100%&#8221; max_width=&#8221;100%&#8221; module_alignment=&#8221;center&#8221; custom_margin=&#8221;0px|0px|0px|0px|true|true&#8221; custom_padding=&#8221;0px|0px|0px|0px|true|true&#8221; link_option_url=&#8221;@ET-DC@eyJkeW5hbWljIjp0cnVlLCJjb250ZW50IjoicG9zdF9saW5rX3VybF9wYWdlIiwic2V0dGluZ3MiOnsicG9zdF9pZCI6IjMyMDA0NiJ9fQ==@&#8221; hover_enabled=&#8221;0&#8243; locked=&#8221;off&#8221; global_colors_info=&#8221;{}&#8221; transform_styles__hover_enabled=&#8221;on|desktop&#8221; transform_scale__hover=&#8221;90%|90%&#8221; transform_scale__hover_enabled=&#8221;on|desktop&#8221; transform_translate__hover_enabled=&#8221;on|desktop&#8221; transform_rotate__hover_enabled=&#8221;on|desktop&#8221; transform_skew__hover_enabled=&#8221;on|desktop&#8221; transform_origin__hover_enabled=&#8221;on|desktop&#8221; sticky_enabled=&#8221;0&#8243;][\/dipl_interactive_image_card][\/et_pb_column][\/et_pb_row][et_pb_row column_structure=&#8221;1_2,1_2&#8243; use_custom_gutter=&#8221;on&#8221; gutter_width=&#8221;1&#8243; _builder_version=&#8221;4.27.4&#8243; _module_preset=&#8221;default&#8221; width=&#8221;100%&#8221; max_width=&#8221;1290px&#8221; custom_margin=&#8221;0px||60px||false|false&#8221; custom_padding=&#8221;0px||0px||false|false&#8221; global_colors_info=&#8221;{}&#8221;][et_pb_column type=&#8221;1_2&#8243; _builder_version=&#8221;4.27.4&#8243; _module_preset=&#8221;default&#8221; custom_padding=&#8221;|15px||15px|false|false&#8221; custom_padding_tablet=&#8221;|8px||0px|false|false&#8221; custom_padding_phone=&#8221;|0px||0px|false|false&#8221; custom_padding_last_edited=&#8221;on|tablet&#8221; animation_style=&#8221;slide&#8221; animation_direction=&#8221;bottom&#8221; animation_delay=&#8221;200ms&#8221; animation_intensity_slide=&#8221;3%&#8221; animation_speed_curve=&#8221;ease&#8221; global_colors_info=&#8221;{}&#8221;][dipl_interactive_image_card title=&#8221;Serie Kubia&#8221; image=&#8221;http:\/\/johnsoncanning.com.ar\/wp-content\/uploads\/2025\/06\/portada-kubia.jpg&#8221; select_layout=&#8221;effect-oscar&#8221; image_opacity=&#8221;1&#8243; border_color=&#8221;#a5a58d&#8221; overlay_color=&#8221;rgba(0,0,0,0.35)&#8221; module_class=&#8221;categoria&#8221; _builder_version=&#8221;4.27.4&#8243; _dynamic_attributes=&#8221;link_option_url&#8221; _module_preset=&#8221;default&#8221; title_font=&#8221;Jost|500|||||||&#8221; title_text_color=&#8221;#F4F4F4&#8243; title_font_size=&#8221;30px&#8221; content_font=&#8221;Manrope||||||||&#8221; content_text_color=&#8221;#F4F4F4&#8243; content_font_size=&#8221;16px&#8221; transform_scale=&#8221;90%|90%&#8221; width=&#8221;100%&#8221; max_width=&#8221;100%&#8221; module_alignment=&#8221;center&#8221; custom_margin=&#8221;0px|0px|0px|0px|true|true&#8221; custom_padding=&#8221;0px|0px|0px|0px|true|true&#8221; link_option_url=&#8221;@ET-DC@eyJkeW5hbWljIjp0cnVlLCJjb250ZW50IjoicG9zdF9saW5rX3VybF9wYWdlIiwic2V0dGluZ3MiOnsicG9zdF9pZCI6IjMyMDA0NyJ9fQ==@&#8221; hover_enabled=&#8221;0&#8243; locked=&#8221;off&#8221; global_colors_info=&#8221;{}&#8221; transform_styles__hover_enabled=&#8221;on|desktop&#8221; transform_scale__hover=&#8221;90%|90%&#8221; transform_scale__hover_enabled=&#8221;on|desktop&#8221; transform_translate__hover_enabled=&#8221;on|desktop&#8221; transform_rotate__hover_enabled=&#8221;on|desktop&#8221; transform_skew__hover_enabled=&#8221;on|desktop&#8221; transform_origin__hover_enabled=&#8221;on|desktop&#8221; sticky_enabled=&#8221;0&#8243;][\/dipl_interactive_image_card][\/et_pb_column][et_pb_column type=&#8221;1_2&#8243; _builder_version=&#8221;4.27.4&#8243; _module_preset=&#8221;default&#8221; custom_padding=&#8221;|15px||15px|false|false&#8221; custom_padding_tablet=&#8221;|0px||8px|false|false&#8221; custom_padding_phone=&#8221;|0px||0px|false|false&#8221; custom_padding_last_edited=&#8221;on|tablet&#8221; animation_style=&#8221;slide&#8221; animation_direction=&#8221;bottom&#8221; animation_delay=&#8221;100ms&#8221; animation_intensity_slide=&#8221;3%&#8221; animation_speed_curve=&#8221;ease&#8221; global_colors_info=&#8221;{}&#8221;][dipl_interactive_image_card title=&#8221;Serie Kubia puertas batientes&#8221; image=&#8221;http:\/\/johnsoncanning.com.ar\/wp-content\/uploads\/2025\/06\/portada-kubia-batientes.jpg&#8221; select_layout=&#8221;effect-oscar&#8221; image_opacity=&#8221;1&#8243; border_color=&#8221;#a5a58d&#8221; overlay_color=&#8221;rgba(0,0,0,0.35)&#8221; module_class=&#8221;categoria&#8221; _builder_version=&#8221;4.27.4&#8243; _dynamic_attributes=&#8221;link_option_url&#8221; _module_preset=&#8221;default&#8221; title_font=&#8221;Jost|500|||||||&#8221; title_text_color=&#8221;#F4F4F4&#8243; title_font_size=&#8221;30px&#8221; content_font=&#8221;Manrope||||||||&#8221; content_text_color=&#8221;#F4F4F4&#8243; content_font_size=&#8221;16px&#8221; transform_scale=&#8221;90%|90%&#8221; width=&#8221;100%&#8221; max_width=&#8221;100%&#8221; module_alignment=&#8221;center&#8221; custom_margin=&#8221;0px|0px|0px|0px|true|true&#8221; custom_padding=&#8221;0px|0px|0px|0px|true|true&#8221; link_option_url=&#8221;@ET-DC@eyJkeW5hbWljIjp0cnVlLCJjb250ZW50IjoicG9zdF9saW5rX3VybF9wYWdlIiwic2V0dGluZ3MiOnsicG9zdF9pZCI6IjMyMDA0OCJ9fQ==@&#8221; hover_enabled=&#8221;0&#8243; locked=&#8221;off&#8221; global_colors_info=&#8221;{}&#8221; transform_styles__hover_enabled=&#8221;on|desktop&#8221; transform_scale__hover=&#8221;90%|90%&#8221; transform_scale__hover_enabled=&#8221;on|desktop&#8221; transform_translate__hover_enabled=&#8221;on|desktop&#8221; transform_rotate__hover_enabled=&#8221;on|desktop&#8221; transform_skew__hover_enabled=&#8221;on|desktop&#8221; transform_origin__hover_enabled=&#8221;on|desktop&#8221; sticky_enabled=&#8221;0&#8243;][\/dipl_interactive_image_card][\/et_pb_column][\/et_pb_row][\/et_pb_section]<\/p>\n","protected":false},"excerpt":{"rendered":"<p>Placards y VestidoresDISE\u00d1O QUE TRANSFORMA TU ESPACIO.Las l\u00edneas de placards y vestidores Johnson responden a la necesidad de organizar con estilo. Cada modelo est\u00e1 pensado para optimizar el espacio y, al mismo tiempo, crear ambientes \u00fanicos, donde el dise\u00f1o y la funcionalidad conviven con una est\u00e9tica sofisticada.<div class=\"et_pb_module dipl_interactive_image_card dipl_interactive_image_card_0 &#8221;categoria&#8221;\">\n\t\t\t\t\n\t\t\t\t\n\t\t\t\t\n\t\t\t\t\n\t\t\t\t\n\t\t\t\t\n\t\t\t\t<div class=\"et_pb_module_inner\">\n\t\t\t\t\t<div class=\"dipl_interactive_image_card_wrapper\">\n\t\t\t\t\t\t\t<figure class=\"&#8221;effect-oscar&#8221;\">\n\t\t\t\t\t\t\t\t<img decoding=\"async\" src=\"\" alt=\"\" class=\"et_multi_view_hidden_image\" \/>\n\t\t\t\t\t\t\t\t<figcaption>\n\t\t\t\t\t\t\t\t\t<div class=\"dipl_interactive_image_card_wrapper_inner\">\n\t\t\t\t\t\t\t\t\t\t<h2 class=\"dipl_interactive_image_card_title\">&#8221;Serie<\/h2>\n\t\t\t\t\t\t\t\t\t\t\n\t\t\t\t\t\t\t\t\t<\/div>\n\t\t\t\t\t\t\t\t<\/figcaption>\t\t\t\n\t\t\t\t\t\t\t<\/figure>\n\t\t\t\t\t\t<\/div>\n\t\t\t\t<\/div>\n\t\t\t<\/div><\/p>\n","protected":false},"author":1,"featured_media":0,"parent":0,"menu_order":0,"comment_status":"closed","ping_status":"closed","template":"","meta":{"_et_pb_use_builder":"on","_et_pb_old_content":"","_et_gb_content_width":"","footnotes":""},"class_list":["post-320022","page","type-page","status-publish","hentry"],"_links":{"self":[{"href":"https:\/\/johnsoncanning.com.ar\/index.php?rest_route=\/wp\/v2\/pages\/320022","targetHints":{"allow":["GET"]}}],"collection":[{"href":"https:\/\/johnsoncanning.com.ar\/index.php?rest_route=\/wp\/v2\/pages"}],"about":[{"href":"https:\/\/johnsoncanning.com.ar\/index.php?rest_route=\/wp\/v2\/types\/page"}],"author":[{"embeddable":true,"href":"https:\/\/johnsoncanning.com.ar\/index.php?rest_route=\/wp\/v2\/users\/1"}],"replies":[{"embeddable":true,"href":"https:\/\/johnsoncanning.com.ar\/index.php?rest_route=%2Fwp%2Fv2%2Fcomments&post=320022"}],"version-history":[{"count":0,"href":"https:\/\/johnsoncanning.com.ar\/index.php?rest_route=\/wp\/v2\/pages\/320022\/revisions"}],"wp:attachment":[{"href":"https:\/\/johnsoncanning.com.ar\/index.php?rest_route=%2Fwp%2Fv2%2Fmedia&parent=320022"}],"curies":[{"name":"wp","href":"https:\/\/api.w.org\/{rel}","templated":true}]}}