{"id":320631,"date":"2025-07-02T23:07:36","date_gmt":"2025-07-02T23:07:36","guid":{"rendered":"http:\/\/johnsoncanning.com.ar\/?page_id=320631"},"modified":"2025-07-04T22:24:00","modified_gmt":"2025-07-04T22:24:00","slug":"nosotros","status":"publish","type":"page","link":"https:\/\/johnsoncanning.com.ar\/?page_id=320631","title":{"rendered":"Nosotros"},"content":{"rendered":"<p>[et_pb_section fb_built=&#8221;1&#8243; _builder_version=&#8221;4.27.4&#8243; _module_preset=&#8221;default&#8221; use_background_color_gradient=&#8221;on&#8221; background_color_gradient_stops=&#8221;rgba(0,0,0,0.22) 0%|rgba(0,0,0,0.63) 100%&#8221; background_color_gradient_overlays_image=&#8221;on&#8221; background_image=&#8221;http:\/\/johnsoncanning.com.ar\/wp-content\/uploads\/2025\/07\/nosotros.jpg&#8221; z_index=&#8221;1&#8243; custom_margin=&#8221;-100px||||false|false&#8221; custom_padding=&#8221;210px||180px||false|false&#8221; locked=&#8221;off&#8221; global_colors_info=&#8221;{}&#8221;][et_pb_row _builder_version=&#8221;4.27.4&#8243; _module_preset=&#8221;default&#8221; custom_padding=&#8221;60px||60px||true|false&#8221; global_colors_info=&#8221;{}&#8221;][et_pb_column type=&#8221;4_4&#8243; _builder_version=&#8221;4.27.4&#8243; _module_preset=&#8221;default&#8221; global_colors_info=&#8221;{}&#8221;][\/et_pb_column][\/et_pb_row][\/et_pb_section][et_pb_section fb_built=&#8221;1&#8243; custom_padding_last_edited=&#8221;on|phone&#8221; _builder_version=&#8221;4.27.4&#8243; _module_preset=&#8221;default&#8221; custom_margin=&#8221;50px||||false|false&#8221; custom_margin_tablet=&#8221;50px||||false|false&#8221; custom_margin_phone=&#8221;0px||||false|false&#8221; custom_margin_last_edited=&#8221;on|phone&#8221; custom_padding=&#8221;60px||60px||false|false&#8221; custom_padding_tablet=&#8221;||60px||false|false&#8221; custom_padding_phone=&#8221;||0px||false|false&#8221; locked=&#8221;off&#8221; global_colors_info=&#8221;{}&#8221;][et_pb_row column_structure=&#8221;1_2,1_2&#8243; use_custom_gutter=&#8221;on&#8221; gutter_width=&#8221;1&#8243; _builder_version=&#8221;4.27.4&#8243; _module_preset=&#8221;default&#8221; width=&#8221;90%&#8221; max_width=&#8221;1290px&#8221; custom_margin=&#8221;0px|auto|32px|auto|false|false&#8221; custom_margin_tablet=&#8221;0px||120px||false|false&#8221; custom_margin_phone=&#8221;||70px||false|false&#8221; custom_margin_last_edited=&#8221;on|tablet&#8221; custom_padding=&#8221;0px||0px||false|false&#8221; locked=&#8221;off&#8221; global_colors_info=&#8221;{}&#8221;][et_pb_column type=&#8221;1_2&#8243; _builder_version=&#8221;4.26.1&#8243; _module_preset=&#8221;default&#8221; custom_padding=&#8221;|15px|||false|false&#8221; custom_padding_tablet=&#8221;|0px|||false|false&#8221; custom_padding_phone=&#8221;|0px|||false|false&#8221; custom_padding_last_edited=&#8221;on|tablet&#8221; animation_style=&#8221;slide&#8221; animation_direction=&#8221;bottom&#8221; animation_intensity_slide=&#8221;2%&#8221; animation_speed_curve=&#8221;ease&#8221; global_colors_info=&#8221;{}&#8221;][et_pb_text _builder_version=&#8221;4.27.4&#8243; _module_preset=&#8221;default&#8221; header_font=&#8221;Jost|500|||||||&#8221; header_text_align=&#8221;left&#8221; header_text_color=&#8221;#282828&#8243; header_font_size=&#8221;48px&#8221; header_line_height=&#8221;0.9em&#8221; header_2_font=&#8221;Jost|500|||||||&#8221; header_2_text_align=&#8221;left&#8221; header_2_text_color=&#8221;#282828&#8243; header_2_font_size=&#8221;62px&#8221; header_2_line_height=&#8221;0.9em&#8221; max_width=&#8221;100%&#8221; custom_margin=&#8221;16px||12px||false|false&#8221; custom_padding=&#8221;0px||0px||false|false&#8221; header_font_size_tablet=&#8221;52px&#8221; header_font_size_phone=&#8221;30px&#8221; header_font_size_last_edited=&#8221;on|phone&#8221; header_line_height_tablet=&#8221;0.9em&#8221; header_line_height_phone=&#8221;1.1em&#8221; header_line_height_last_edited=&#8221;on|phone&#8221; header_2_font_size_tablet=&#8221;52px&#8221; header_2_font_size_phone=&#8221;30px&#8221; header_2_font_size_last_edited=&#8221;on|phone&#8221; header_2_line_height_tablet=&#8221;0.9em&#8221; header_2_line_height_phone=&#8221;1.1em&#8221; header_2_line_height_last_edited=&#8221;on|phone&#8221; global_colors_info=&#8221;{}&#8221;]<\/p>\n<h1>Nosotros<\/h1>\n<p>[\/et_pb_text][et_pb_text _builder_version=&#8221;4.27.4&#8243; _module_preset=&#8221;default&#8221; text_text_color=&#8221;#A5A58D&#8221; header_4_font=&#8221;Jost|||on|||||&#8221; header_4_text_align=&#8221;left&#8221; header_4_text_color=&#8221;#A5A58D&#8221; header_4_font_size=&#8221;13px&#8221; header_4_letter_spacing=&#8221;1.6px&#8221; header_4_line_height=&#8221;1.2em&#8221; custom_margin=&#8221;0px||12px||false|false&#8221; custom_padding=&#8221;0px||0px||false|false&#8221; global_colors_info=&#8221;{}&#8221;]<\/p>\n<h4>El dise\u00f1o nos atraviesa. La innovaci\u00f3n nos define.<\/h4>\n<p>[\/et_pb_text][et_pb_text _builder_version=&#8221;4.27.4&#8243; _module_preset=&#8221;default&#8221; text_font=&#8221;Manrope|500|||||||&#8221; text_text_color=&#8221;#000000&#8243; text_font_size=&#8221;16px&#8221; text_line_height=&#8221;1.8em&#8221; custom_margin=&#8221;0px||0px||false|false&#8221; custom_margin_tablet=&#8221;||30px||false|false&#8221; custom_margin_phone=&#8221;||20px||false|false&#8221; custom_margin_last_edited=&#8221;on|tablet&#8221; custom_padding=&#8221;0px||0px||false|false&#8221; global_colors_info=&#8221;{}&#8221;]<\/p>\n<p>En <em>Mundano<\/em> entendemos el dise\u00f1o como una experiencia total. No se trata solo de muebles: se trata de crear espacios que hablen de quienes los habitan.<br \/>Desde nuestras ra\u00edces en la industria nacional hasta las \u00faltimas tendencias europeas, combinamos tecnolog\u00eda, materiales nobles y sensibilidad est\u00e9tica para ofrecer propuestas que marcan la diferencia.<\/p>\n<p>Cada producto refleja una visi\u00f3n: l\u00edneas puras, funcionalidad inteligente y un compromiso profundo con la calidad y la personalizaci\u00f3n.<br \/>Dise\u00f1amos pensando en la vida real, en el d\u00eda a d\u00eda, en los detalles que hacen que un ambiente sea verdaderamente \u00fanico.<\/p>\n<p>Somos una marca en constante evoluci\u00f3n, conectada con las formas de vivir de hoy y de ma\u00f1ana. Y por eso, cada l\u00ednea, cada sistema, cada color, es una invitaci\u00f3n a habitar con estilo.<\/p>\n<p>[\/et_pb_text][et_pb_button button_url=&#8221;@ET-DC@eyJkeW5hbWljIjp0cnVlLCJjb250ZW50IjoicG9zdF9saW5rX3VybF9wYWdlIiwic2V0dGluZ3MiOnsicG9zdF9pZCI6IjMyMDM5OCJ9fQ==@&#8221; button_text=&#8221;Ver novedades&#8221; button_alignment=&#8221;left&#8221; _builder_version=&#8221;4.27.4&#8243; _dynamic_attributes=&#8221;button_url&#8221; _module_preset=&#8221;default&#8221; custom_button=&#8221;on&#8221; button_text_size=&#8221;18px&#8221; button_text_color=&#8221;#FFFFFF&#8221; button_bg_color=&#8221;#6b705c&#8221; button_border_width=&#8221;0px&#8221; button_border_color=&#8221;#7A7C81&#8243; button_border_radius=&#8221;8px&#8221; button_font=&#8221;Jost||||||||&#8221; button_use_icon=&#8221;off&#8221; custom_margin=&#8221;20px||||false|false&#8221; custom_margin_tablet=&#8221;0px||90px||false|false&#8221; custom_margin_phone=&#8221;30px||0px||false|false&#8221; custom_margin_last_edited=&#8221;on|tablet&#8221; custom_padding=&#8221;15px|44px|15px|44px|false|false&#8221; locked=&#8221;off&#8221; global_colors_info=&#8221;{}&#8221; button_bg_color__hover_enabled=&#8221;on|hover&#8221; button_bg_color__hover=&#8221;#4f5142&#8243; button_bg_enable_color__hover=&#8221;on&#8221; button_letter_spacing__hover_enabled=&#8221;on|hover&#8221; button_letter_spacing__hover=&#8221;0px&#8221; button_text_color__hover_enabled=&#8221;on|hover&#8221; button_text_color__hover=&#8221;#FFFFFF&#8221;][\/et_pb_button][\/et_pb_column][et_pb_column type=&#8221;1_2&#8243; _builder_version=&#8221;4.26.1&#8243; _module_preset=&#8221;default&#8221; custom_padding=&#8221;|||127px|false|false&#8221; custom_padding_tablet=&#8221;|||0px|false|false&#8221; custom_padding_phone=&#8221;|||0px|false|false&#8221; custom_padding_last_edited=&#8221;on|tablet&#8221; animation_style=&#8221;slide&#8221; animation_direction=&#8221;bottom&#8221; animation_delay=&#8221;100ms&#8221; animation_intensity_slide=&#8221;2%&#8221; animation_speed_curve=&#8221;ease&#8221; global_colors_info=&#8221;{}&#8221;][et_pb_image src=&#8221;http:\/\/johnsoncanning.com.ar\/wp-content\/uploads\/2025\/07\/nosotros-foto.jpg&#8221; title_text=&#8221;nosotros-foto&#8221; align_tablet=&#8221;right&#8221; align_phone=&#8221;right&#8221; align_last_edited=&#8221;on|tablet&#8221; _builder_version=&#8221;4.27.4&#8243; _module_preset=&#8221;default&#8221; max_width=&#8221;517px&#8221; max_width_tablet=&#8221;60%&#8221; max_width_phone=&#8221;100%&#8221; max_width_last_edited=&#8221;on|tablet&#8221; custom_margin=&#8221;0px||54px||false|false&#8221; custom_margin_tablet=&#8221;-60%||90px||false|false&#8221; custom_margin_phone=&#8221;9%||0px||false|false&#8221; custom_margin_last_edited=&#8221;on|tablet&#8221; custom_padding=&#8221;0px||0px||false|false&#8221; hover_enabled=&#8221;0&#8243; module_alignment_tablet=&#8221;right&#8221; module_alignment_phone=&#8221;center&#8221; module_alignment_last_edited=&#8221;on|tablet&#8221; global_colors_info=&#8221;{}&#8221; sticky_enabled=&#8221;0&#8243;][\/et_pb_image][\/et_pb_column][\/et_pb_row][\/et_pb_section][et_pb_section fb_built=&#8221;1&#8243; _builder_version=&#8221;4.27.4&#8243; _module_preset=&#8221;default&#8221; background_color=&#8221;#F4F4F4&#8243; global_colors_info=&#8221;{}&#8221;][et_pb_row column_structure=&#8221;1_2,1_4,1_4&#8243; use_custom_gutter=&#8221;on&#8221; gutter_width=&#8221;1&#8243; _builder_version=&#8221;4.27.4&#8243; _module_preset=&#8221;default&#8221; width=&#8221;90%&#8221; max_width=&#8221;1290px&#8221; custom_margin=&#8221;0px||0px||false|false&#8221; custom_padding=&#8221;0px||0px||false|false&#8221; locked=&#8221;off&#8221; global_colors_info=&#8221;{}&#8221;][et_pb_column type=&#8221;1_2&#8243; _builder_version=&#8221;4.26.1&#8243; _module_preset=&#8221;default&#8221; animation_style=&#8221;slide&#8221; animation_direction=&#8221;bottom&#8221; animation_intensity_slide=&#8221;7%&#8221; animation_speed_curve=&#8221;ease&#8221; global_colors_info=&#8221;{}&#8221;][et_pb_text _builder_version=&#8221;4.27.4&#8243; _module_preset=&#8221;default&#8221; header_4_font=&#8221;Jost|||on|||||&#8221; header_4_text_align=&#8221;left&#8221; header_4_text_color=&#8221;#282828&#8243; header_4_font_size=&#8221;13px&#8221; header_4_letter_spacing=&#8221;1.6px&#8221; header_4_line_height=&#8221;1.2em&#8221; custom_margin=&#8221;0px||12px||false|false&#8221; custom_padding=&#8221;0px||0px||false|false&#8221; global_colors_info=&#8221;{}&#8221;]<\/p>\n<h4>Lo que nos motiva<\/h4>\n<p>[\/et_pb_text][et_pb_text _builder_version=&#8221;4.27.4&#8243; _module_preset=&#8221;default&#8221; header_2_font=&#8221;Jost|500|||||||&#8221; header_2_text_align=&#8221;left&#8221; header_2_text_color=&#8221;#6B705C&#8221; header_2_font_size=&#8221;60px&#8221; header_2_line_height=&#8221;0.9em&#8221; max_width=&#8221;460px&#8221; max_width_tablet=&#8221;460px&#8221; max_width_phone=&#8221;100%&#8221; max_width_last_edited=&#8221;on|phone&#8221; custom_margin=&#8221;0px|-136px|12px||false|false&#8221; custom_padding=&#8221;0px||0px||false|false&#8221; header_2_font_size_tablet=&#8221;52px&#8221; header_2_font_size_phone=&#8221;30px&#8221; header_2_font_size_last_edited=&#8221;on|phone&#8221; header_2_line_height_tablet=&#8221;0.9em&#8221; header_2_line_height_phone=&#8221;1.1em&#8221; header_2_line_height_last_edited=&#8221;on|phone&#8221; global_colors_info=&#8221;{}&#8221;]<\/p>\n<h2>Dise\u00f1amos experiencias, no solo espacios<\/h2>\n<p>[\/et_pb_text][et_pb_text _builder_version=&#8221;4.27.4&#8243; _module_preset=&#8221;default&#8221; text_font=&#8221;Manrope|500|||||||&#8221; text_text_color=&#8221;#000000&#8243; text_font_size=&#8221;16px&#8221; text_line_height=&#8221;1.8em&#8221; width=&#8221;88.7%&#8221; custom_margin=&#8221;0px||0px||false|false&#8221; custom_margin_tablet=&#8221;||30px||false|false&#8221; custom_margin_phone=&#8221;||20px||false|false&#8221; custom_margin_last_edited=&#8221;on|tablet&#8221; custom_padding=&#8221;0px||0px||false|false&#8221; global_colors_info=&#8221;{}&#8221;]<\/p>\n<p>Cada proyecto es una oportunidad para transformar ideas en ambientes con alma. Nos impulsa la calidad, la innovaci\u00f3n y el compromiso con quienes nos eligen.<br \/>Creemos en el dise\u00f1o como motor de cambio y en los detalles como protagonistas de lo cotidiano.<br \/>Por eso, acompa\u00f1amos cada etapa del proceso con asesoramiento personalizado, materiales de excelencia y la garant\u00eda de una marca que deja huella.<\/p>\n<p>[\/et_pb_text][\/et_pb_column][et_pb_column type=&#8221;1_4&#8243; _builder_version=&#8221;4.26.1&#8243; _module_preset=&#8221;default&#8221; custom_padding=&#8221;|30px|||false|false&#8221; animation_style=&#8221;slide&#8221; animation_direction=&#8221;bottom&#8221; animation_delay=&#8221;100ms&#8221; animation_intensity_slide=&#8221;3%&#8221; animation_speed_curve=&#8221;ease&#8221; global_colors_info=&#8221;{}&#8221;][et_pb_blurb title=&#8221;Calidad&#8221; image=&#8221;http:\/\/johnsoncanning.com.ar\/wp-content\/uploads\/2025\/07\/nuevo-producto-1.png&#8221; image_icon_width=&#8221;79px&#8221; _builder_version=&#8221;4.27.4&#8243; _module_preset=&#8221;default&#8221; header_font=&#8221;Jost|500|||||||&#8221; header_text_align=&#8221;center&#8221; header_text_color=&#8221;#6B705C&#8221; header_font_size=&#8221;26px&#8221; header_line_height=&#8221;1.2em&#8221; body_font=&#8221;Manrope|500|||||||&#8221; body_text_align=&#8221;center&#8221; body_text_color=&#8221;#000000&#8243; body_font_size=&#8221;16px&#8221; body_line_height=&#8221;1.4em&#8221; image_icon_custom_margin=&#8221;0px||0px||false|false&#8221; image_icon_custom_padding=&#8221;0px||0px||false|false&#8221; max_width=&#8221;300px&#8221; max_width_tablet=&#8221;300px&#8221; max_width_phone=&#8221;100%&#8221; max_width_last_edited=&#8221;on|tablet&#8221; custom_margin=&#8221;30px||45px||false|false&#8221; custom_padding=&#8221;0px||0px||false|false&#8221; animation=&#8221;off&#8221; custom_css_blurb_title=&#8221;margin-top:-9px;||margin-bottom:2px;&#8221; custom_css_blurb_content=&#8221;margin:0px;&#8221; global_colors_info=&#8221;{}&#8221;]<\/p>\n<p>Porque tenemos los mejores productos del mercado.<\/p>\n<p>[\/et_pb_blurb][et_pb_blurb title=&#8221;Asesoramiento&#8221; image=&#8221;http:\/\/johnsoncanning.com.ar\/wp-content\/uploads\/2025\/07\/empleado-2.png&#8221; image_icon_width=&#8221;79px&#8221; _builder_version=&#8221;4.27.4&#8243; _module_preset=&#8221;default&#8221; header_font=&#8221;Jost|500|||||||&#8221; header_text_align=&#8221;center&#8221; header_text_color=&#8221;#6B705C&#8221; header_font_size=&#8221;26px&#8221; header_line_height=&#8221;1.2em&#8221; body_font=&#8221;Manrope|500|||||||&#8221; body_text_align=&#8221;center&#8221; body_text_color=&#8221;#000000&#8243; body_font_size=&#8221;16px&#8221; body_line_height=&#8221;1.4em&#8221; image_icon_custom_margin=&#8221;0px||0px||false|false&#8221; image_icon_custom_padding=&#8221;0px||0px||false|false&#8221; max_width=&#8221;300px&#8221; max_width_tablet=&#8221;300px&#8221; max_width_phone=&#8221;100%&#8221; max_width_last_edited=&#8221;on|tablet&#8221; custom_margin=&#8221;30px||45px||false|false&#8221; custom_padding=&#8221;0px||0px||false|false&#8221; animation=&#8221;off&#8221; custom_css_blurb_title=&#8221;margin-top:-9px;||margin-bottom:2px;&#8221; custom_css_blurb_content=&#8221;margin:0px;&#8221; global_colors_info=&#8221;{}&#8221;]<\/p>\n<p>Porque te brindamos el mejor asesoramiento.<\/p>\n<p>[\/et_pb_blurb][\/et_pb_column][et_pb_column type=&#8221;1_4&#8243; _builder_version=&#8221;4.26.1&#8243; _module_preset=&#8221;default&#8221; custom_padding=&#8221;|||5px|false|false&#8221; custom_padding_tablet=&#8221;|||5px|false|false&#8221; custom_padding_phone=&#8221;|||0px|false|false&#8221; custom_padding_last_edited=&#8221;on|phone&#8221; animation_style=&#8221;slide&#8221; animation_direction=&#8221;bottom&#8221; animation_delay=&#8221;200ms&#8221; animation_intensity_slide=&#8221;3%&#8221; animation_speed_curve=&#8221;ease&#8221; global_colors_info=&#8221;{}&#8221;][et_pb_blurb title=&#8221;Acompa\u00f1amiento&#8221; image=&#8221;http:\/\/johnsoncanning.com.ar\/wp-content\/uploads\/2025\/07\/atencion-al-cliente-1.png&#8221; image_icon_width=&#8221;79px&#8221; _builder_version=&#8221;4.27.4&#8243; _module_preset=&#8221;default&#8221; header_font=&#8221;Jost|500|||||||&#8221; header_text_align=&#8221;center&#8221; header_text_color=&#8221;#6B705C&#8221; header_font_size=&#8221;26px&#8221; header_line_height=&#8221;1.2em&#8221; body_font=&#8221;Manrope|500|||||||&#8221; body_text_align=&#8221;center&#8221; body_text_color=&#8221;#000000&#8243; body_font_size=&#8221;16px&#8221; body_line_height=&#8221;1.4em&#8221; image_icon_custom_margin=&#8221;0px||0px||false|false&#8221; image_icon_custom_padding=&#8221;0px||0px||false|false&#8221; max_width=&#8221;300px&#8221; max_width_tablet=&#8221;300px&#8221; max_width_phone=&#8221;100%&#8221; max_width_last_edited=&#8221;on|tablet&#8221; custom_margin=&#8221;2px||45px||false|false&#8221; custom_padding=&#8221;0px||0px||false|false&#8221; animation=&#8221;off&#8221; custom_css_blurb_title=&#8221;margin-top:-9px;||margin-bottom:2px;&#8221; custom_css_blurb_content=&#8221;margin:0px;&#8221; global_colors_info=&#8221;{}&#8221;]<\/p>\n<p>Te acompa\u00f1aremos desde el inicio al final de tu proyecto.<\/p>\n<p>[\/et_pb_blurb][et_pb_blurb title=&#8221;Garant\u00eda&#8221; image=&#8221;http:\/\/johnsoncanning.com.ar\/wp-content\/uploads\/2025\/07\/servicio-de-calidad-1.png&#8221; image_icon_width=&#8221;79px&#8221; _builder_version=&#8221;4.27.4&#8243; _module_preset=&#8221;default&#8221; header_font=&#8221;Jost|500|||||||&#8221; header_text_align=&#8221;center&#8221; header_text_color=&#8221;#6B705C&#8221; header_font_size=&#8221;26px&#8221; header_line_height=&#8221;1.2em&#8221; body_font=&#8221;Manrope|500|||||||&#8221; body_text_align=&#8221;center&#8221; body_text_color=&#8221;#000000&#8243; body_font_size=&#8221;16px&#8221; body_line_height=&#8221;1.4em&#8221; image_icon_custom_margin=&#8221;0px||0px||false|false&#8221; image_icon_custom_padding=&#8221;0px||0px||false|false&#8221; max_width=&#8221;300px&#8221; max_width_tablet=&#8221;300px&#8221; max_width_phone=&#8221;100%&#8221; max_width_last_edited=&#8221;on|tablet&#8221; custom_margin=&#8221;30px||45px||false|false&#8221; custom_padding=&#8221;0px||0px||false|false&#8221; animation=&#8221;off&#8221; custom_css_blurb_title=&#8221;margin-top:-9px;||margin-bottom:2px;&#8221; custom_css_blurb_content=&#8221;margin:0px;&#8221; global_colors_info=&#8221;{}&#8221;]<\/p>\n<p>Johnson es garant\u00eda de calidad.<\/p>\n<p>[\/et_pb_blurb][\/et_pb_column][\/et_pb_row][\/et_pb_section]<\/p>\n","protected":false},"excerpt":{"rendered":"<p>NosotrosEl dise\u00f1o nos atraviesa. La innovaci\u00f3n nos define.En Mundano entendemos el dise\u00f1o como una experiencia total. No se trata solo de muebles: se trata de crear espacios que hablen de quienes los habitan.Desde nuestras ra\u00edces en la industria nacional hasta las \u00faltimas tendencias europeas, combinamos tecnolog\u00eda, materiales nobles y sensibilidad est\u00e9tica para ofrecer propuestas que [&hellip;]<\/p>\n","protected":false},"author":1,"featured_media":0,"parent":0,"menu_order":0,"comment_status":"closed","ping_status":"closed","template":"","meta":{"_et_pb_use_builder":"on","_et_pb_old_content":"","_et_gb_content_width":"","footnotes":""},"class_list":["post-320631","page","type-page","status-publish","hentry"],"_links":{"self":[{"href":"https:\/\/johnsoncanning.com.ar\/index.php?rest_route=\/wp\/v2\/pages\/320631","targetHints":{"allow":["GET"]}}],"collection":[{"href":"https:\/\/johnsoncanning.com.ar\/index.php?rest_route=\/wp\/v2\/pages"}],"about":[{"href":"https:\/\/johnsoncanning.com.ar\/index.php?rest_route=\/wp\/v2\/types\/page"}],"author":[{"embeddable":true,"href":"https:\/\/johnsoncanning.com.ar\/index.php?rest_route=\/wp\/v2\/users\/1"}],"replies":[{"embeddable":true,"href":"https:\/\/johnsoncanning.com.ar\/index.php?rest_route=%2Fwp%2Fv2%2Fcomments&post=320631"}],"version-history":[{"count":0,"href":"https:\/\/johnsoncanning.com.ar\/index.php?rest_route=\/wp\/v2\/pages\/320631\/revisions"}],"wp:attachment":[{"href":"https:\/\/johnsoncanning.com.ar\/index.php?rest_route=%2Fwp%2Fv2%2Fmedia&parent=320631"}],"curies":[{"name":"wp","href":"https:\/\/api.w.org\/{rel}","templated":true}]}}